{"id":2387,"date":"2020-04-09T15:38:31","date_gmt":"2020-04-09T13:38:31","guid":{"rendered":"https:\/\/law-firm.rsdatenschutzerklaerung\/"},"modified":"2024-12-08T19:56:40","modified_gmt":"2024-12-08T18:56:40","slug":"datenschutzerklaerung","status":"publish","type":"page","link":"https:\/\/law-firm.rs\/de\/datenschutzerklaerung\/","title":{"rendered":"Datenschutzerkl\u00e4rung"},"content":{"rendered":"\t\t<div data-elementor-type=\"wp-page\" data-elementor-id=\"2387\" class=\"elementor elementor-2387 elementor-1221\" data-elementor-post-type=\"page\">\n\t\t\t\t\t\t<section class=\"elementor-section elementor-top-section elementor-element elementor-element-125b5c8 elementor-section-boxed elementor-section-height-default elementor-section-height-default\" data-id=\"125b5c8\" data-element_type=\"section\">\n\t\t\t\t\t\t<div class=\"elementor-container elementor-column-gap-default\">\n\t\t\t\t\t<div class=\"elementor-column elementor-col-100 elementor-top-column elementor-element elementor-element-582faf5\" data-id=\"582faf5\" data-element_type=\"column\">\n\t\t\t<div class=\"elementor-widget-wrap elementor-element-populated\">\n\t\t\t\t\t\t<div class=\"elementor-element elementor-element-b9fc81d elementor-invisible elementor-widget elementor-widget-heading\" data-id=\"b9fc81d\" data-element_type=\"widget\" data-settings=\"{&quot;_animation&quot;:&quot;fadeInLeft&quot;}\" data-widget_type=\"heading.default\">\n\t\t\t\t<div class=\"elementor-widget-container\">\n\t\t\t\t\t<h1 class=\"elementor-heading-title elementor-size-default\">DATENSCHUTZERKL\u00c4RUNG<\/h1>\t\t\t\t<\/div>\n\t\t\t\t<\/div>\n\t\t\t\t<div class=\"elementor-element elementor-element-8d80f40 elementor-widget elementor-widget-text-editor\" data-id=\"8d80f40\" data-element_type=\"widget\" data-widget_type=\"text-editor.default\">\n\t\t\t\t<div class=\"elementor-widget-container\">\n\t\t\t\t\t\t\t\t\t<p>Gem\u00e4\u00df dem Datenschutzgesetz der Republik Serbien (\u201eAmtsblatt der RS, Nr. 87\/2018\u201c \u2013 im weiteren Text \u201eGesetz\u201c) achtet die Rechtsanwaltskanzlei Petrovi\u0107 Mojsi\u0107 &amp; Partner (im weiteren Text \u201eRechtsanwaltskanzlei\u201c) \u00a0\u00fcber den Schutz von privat- und personenbezogenen Daten der Besucher dieser Internetseite.<\/p>\n<p>Um den Zweck und die Rechtsgrundlage der Verarbeitung personenbezogener Daten zu verstehen, werden wir im n\u00e4chsten Teil die Personen, auf die sich die Daten beziehen, in die folgenden Kategorien einteilen:<\/p>\n<ol>\n<li>Besucher der Internetseite<\/li>\n<\/ol>\n<p>Personenbezogene Daten werden bei der Nutzung unserer Website nicht offen gelegt. Die Daten, die wir aufzeichnen, beziehen sich auf Informationen, die vom Internetdienstanbieter des Website-Benutzers bereitgestellt werden, insbesondere die IP-Adresse und die Besuchsdauer des Benutzers. Der ausschlie\u00dfliche Zweck der Analyse dieser Daten ist zu statistischen Zwecken und f\u00fcr andere Zwecke werden die Daten nicht verwendet.<\/p>\n<ol>\n<li>Klienten, Bewerber, Gesch\u00e4ftspartner und \u00e4hnliche Kategorien von Personen<\/li>\n<\/ol>\n<p>Die personenbezogenen Daten der aufgef\u00fchrten und \u00e4hnlichen Kategorien von Personen werden mit ausdr\u00fccklicher Zustimmung der Person, die im Zusammenhang mit den Dienstleistungen unserer Rechtsanwaltskanzlei angegeben wurde, erhoben. Diese Daten werden f\u00fcr bestimmt festgesetzte Zwecke (z. B. Bereitstellung der angeforderten Dienstleistung f\u00fcr Klienten; zum Ziel einer potenziellen Zusammenarbeit mit Bewerbern herzustellen; im Ziel die Zusammenarbeit mit Gesch\u00e4ftspartnern aufrechtzuerhalten), alle in \u00dcbereinstimmung mit den geltenden Vorschriften.<\/p>\n<p>Die gesammelten personenbezogenen Daten werden nicht an Dritte unbefugte Personen weitergegeben.<\/p>\n<p>In Bezug auf die Verarbeitung personenbezogener Daten haben unsere Klienten, Bewerber, Gesch\u00e4ftspartner und \u00e4hnliche Kategorien von Personen die gesetzlich garantierten Rechte, insbesondere:<\/p>\n<ul>\n<li>Recht auf Zugang zu personenbezogenen Daten (Anforderung von Informationen zu personenbezogenen Daten, die in unseren Aufzeichnungen erfasst und gespeichert sind, Recht zum Kopieren personenbezogener Daten);<\/li>\n<li>Recht auf Berichtigung personenbezogener Daten (unverz\u00fcgliche Berichtigung falscher personenbezogener Daten, Erg\u00e4nzung unvollst\u00e4ndiger personenbezogener Daten);<\/li>\n<li>Recht auf Einschr\u00e4nkung der Verarbeitung (wenn die Richtigkeit der Verarbeitung personenbezogener Daten in Frage gestellt wird; wenn die Person eine Einschr\u00e4nkung anstelle der L\u00f6schung beantragt; wenn die Verarbeitung gesetzwidrig ist);<\/li>\n<li>Recht auf Daten\u00fcbertragbarkeit;<\/li>\n<li>Widerspruchsrecht;<\/li>\n<li>Recht, die Zustimmung zu widerrufen;<\/li>\n<li>Recht auf L\u00f6schung von personenbezogenen Daten (falls die Daten f\u00fcr den Zweck, f\u00fcr welchen diese erhoben wurden, nicht n\u00f6tig sind, aufgrund des Widerrufs der Einwilligung zur Verarbeitung von Daten, sowie im Falle des Widerspruchs gegen die Verarbeitung von Daten gem\u00e4\u00df dem Gesetz);<\/li>\n<li>Recht auf Beschwerde bei der zust\u00e4ndigen Beh\u00f6rde &#8211; dem Beauftragten f\u00fcr Informationen von \u00f6ffentlicher Bedeutung und Schutz personenbezogener Daten.<\/li>\n<\/ul>\n<p>Wenn Sie Ihre Rechte bez\u00fcglich der Verarbeitung personenbezogener Daten aus\u00fcben, kontaktieren Sie uns bitte per E-Mail unter <a href=\"mailto:office@law-firm.rs\">office@law-firm.rs<\/a>. Bitte kontaktieren Sie uns auch \u00fcber diese E-Mail-Adresse, wenn Sie Fragen \/ Bedenken bez\u00fcglich der Verarbeitung Ihrer pers\u00f6nlichen Daten haben.<\/p>\n<p>Alle zuk\u00fcnftigen \u00c4nderungen dieser Datenschutzerkl\u00e4rung werden auf unserer Website ver\u00f6ffentlicht.<\/p>\n<p>&nbsp;<\/p>\n<p><strong>HAFTUNGSAUSSCHLUSS<\/strong><\/p>\n<p>Die auf dieser Website enthaltenen Informationen dienen nur allgemeinen Informationszwecken und k\u00f6nnen nicht als Quelle zur Rechtsberatung oder andere Arten von Beratung f\u00fcr irgendeinen Zweck verwendet werden.<\/p>\n<p>Rechtsberatung sollte von den Rechtsanw\u00e4lten unserer Rechtsanwaltskanzlei eingeholt werden und dementsprechend lehnt unsere Rechtsanwaltskanzlei jegliche Haftung f\u00fcr das Verhalten \/ Unterlassung der Benutzer dieser Website aufgrund der darauf enthaltenen Informationen ab, ohne zuvor unsere Rechtsanw\u00e4lte in entsprechender Form zu konsultieren. Wobei ein Rechtsanwalts-Mandanten-Verh\u00e4ltnis entstehen w\u00fcrde.<\/p>\n<p>Vor der Ver\u00f6ffentlichung werden alle Informationen sorgf\u00e4ltig gepr\u00fcft und unsere Anwaltskanzlei bem\u00fcht sich, alle Informationen im Hinblick auf Ihre Richtigkeit zu aktualisieren. Unsere Rechtsanwaltskanzlei lehnt jedoch ausdr\u00fccklich jede Haftung in Bezug auf die Verl\u00e4sslichkeit der Besucher dieser Website in die darauf ver\u00f6ffentlichten Informationen und Rechtsgutachten ab. Auch die in der Vergangenheit erzielten Resultate stellen keine Garantie f\u00fcr \u00e4hnliche Ergebnisse in der Zukunft dar.<\/p>\n<p>Diese Website kann Links zu externen Websites enthalten, sowie auch externe Websites Links zu dieser Website enthalten k\u00f6nnen. Unsere Rechtsanwaltskanzlei ist nicht f\u00fcr den Inhalt dieser externen Websites verantwortlich und lehnt jegliche Haftung in Bezug auf diese ab.<\/p>\n<p>&nbsp;<\/p>\n<p><strong>URHEBERRECHT UND VERWANDTE SCHUTZRECHTE<\/strong><\/p>\n<p>Die ver\u00f6ffentlichten Artikel sowie andere Inhalte dieser Website unterliegen dem Urheberrecht und sind nur f\u00fcr den privaten Gebrauch bestimmt, und als solche sollten nicht im Widerspruch zu den Bestimmungen des Urheberrechtsgesetzes verwendet werden, bzw. ohne die vorherige Genehmigung des Autors.<\/p>\n<p>Alle Urheberrechte und insbesondere das Recht zur Nutzung, Vervielf\u00e4ltigung, Vermarktung und \u00dcbersetzung sind gesch\u00fctzt.<\/p>\n\t\t\t\t\t\t\t\t<\/div>\n\t\t\t\t<\/div>\n\t\t\t\t\t<\/div>\n\t\t<\/div>\n\t\t\t\t\t<\/div>\n\t\t<\/section>\n\t\t\t\t<\/div>\n\t\t","protected":false},"excerpt":{"rendered":"<p>DATENSCHUTZERKL\u00c4RUNG Gem\u00e4\u00df dem Datenschutzgesetz der Republik Serbien (\u201eAmtsblatt der RS, Nr. 87\/2018\u201c \u2013 im weiteren Text \u201eGesetz\u201c) achtet die Rechtsanwaltskanzlei Petrovi\u0107 Mojsi\u0107 &amp; Partner (im weiteren Text \u201eRechtsanwaltskanzlei\u201c) \u00a0\u00fcber den Schutz von privat- und personenbezogenen Daten der Besucher dieser Internetseite. Um den Zweck und die Rechtsgrundlage der Verarbeitung personenbezogener Daten zu verstehen, werden wir im [&hellip;]<\/p>\n","protected":false},"author":4,"featured_media":9668,"parent":0,"menu_order":0,"comment_status":"closed","ping_status":"closed","template":"elementor_header_footer","meta":{"footnotes":""},"class_list":["post-2387","page","type-page","status-publish","has-post-thumbnail","hentry"],"_links":{"self":[{"href":"https:\/\/law-firm.rs\/de\/wp-json\/wp\/v2\/pages\/2387","targetHints":{"allow":["GET"]}}],"collection":[{"href":"https:\/\/law-firm.rs\/de\/wp-json\/wp\/v2\/pages"}],"about":[{"href":"https:\/\/law-firm.rs\/de\/wp-json\/wp\/v2\/types\/page"}],"author":[{"embeddable":true,"href":"https:\/\/law-firm.rs\/de\/wp-json\/wp\/v2\/users\/4"}],"replies":[{"embeddable":true,"href":"https:\/\/law-firm.rs\/de\/wp-json\/wp\/v2\/comments?post=2387"}],"version-history":[{"count":1,"href":"https:\/\/law-firm.rs\/de\/wp-json\/wp\/v2\/pages\/2387\/revisions"}],"predecessor-version":[{"id":9691,"href":"https:\/\/law-firm.rs\/de\/wp-json\/wp\/v2\/pages\/2387\/revisions\/9691"}],"wp:featuredmedia":[{"embeddable":true,"href":"https:\/\/law-firm.rs\/de\/wp-json\/wp\/v2\/media\/9668"}],"wp:attachment":[{"href":"https:\/\/law-firm.rs\/de\/wp-json\/wp\/v2\/media?parent=2387"}],"curies":[{"name":"wp","href":"https:\/\/api.w.org\/{rel}","templated":true}]}}